{"id":15699,"date":"2025-11-26T19:22:11","date_gmt":"2025-11-26T19:22:11","guid":{"rendered":"https:\/\/newsite.hola-school.com\/?page_id=15699"},"modified":"2025-12-09T22:39:11","modified_gmt":"2025-12-09T22:39:11","slug":"preguntas-frecuentes","status":"publish","type":"page","link":"https:\/\/www.hola-school.com\/?page_id=15699","title":{"rendered":"Preguntas Frecuentes"},"content":{"rendered":"<div class=\"wpb-content-wrapper\"><p>[vc_row bg_color=&#8221;#FF9501&#8243; top_padding=&#8221;210&#8243; bottom_padding=&#8221;120&#8243; bg_position=&#8221;center top&#8221;][vc_column width=&#8221;1\/1&#8243;]<h1 class=\"headline font-special fontsize-xxxxl fontweight-700 lh-inherit align-center transform-uppercase \" style=\"margin: 0 0 20px 0; color: #2E2E2E;\">Preguntas Frecuentes<\/h1>[\/vc_column][\/vc_row][vc_row top_padding=&#8221;100&#8243; bottom_padding=&#8221;100&#8243; bg_position=&#8221;left top&#8221;][vc_column column_padding=&#8221;padding-5&#8243; width=&#8221;1\/1&#8243;][vc_accordion collapsible=&#8221;yes&#8221;][vc_accordion_tab title=&#8221;\u00bfOfrecen homestay o transporte desde el aeropuerto?&#8221;][vc_column_text]No contamos con homestays ni con transporte. Pero puedes ver nuestras recomendaciones en la secci\u00f3n de <strong>&#8220;<a href=\"https:\/\/www.hola-school.com\/#favs\">Favoritos<\/a>&#8220;<\/strong>.[\/vc_column_text][\/vc_accordion_tab][vc_accordion_tab title=&#8221;\u00bfOfrecen descuentos para grupos o estancias largas?&#8221;][vc_column_text]No. Nuestros precios son por persona y el costo depende del paquete que elijas.[\/vc_column_text][\/vc_accordion_tab][vc_accordion_tab title=&#8221;\u00bfQu\u00e9 moneda aceptan para los pagos?&#8221;][vc_column_text]Solo aceptamos pagos en pesos mexicanos.[\/vc_column_text][\/vc_accordion_tab][vc_accordion_tab title=&#8221;\u00bfC\u00f3mo puedo pagar si no tengo PayPal?&#8221;][vc_column_text]Tambi\u00e9n puedes hacer una transferencia bancaria. Ten en cuenta que las comisiones dependen de tu banco y t\u00fa deber\u00e1s cubrirlas.[\/vc_column_text][\/vc_accordion_tab][vc_accordion_tab title=&#8221;\u00bfOfrecen reembolsos?&#8221;][vc_column_text]No. Ning\u00fan pago es reembolsable. Si necesitas cancelar, av\u00edsanos <strong>al menos 24 horas antes<\/strong> para poder reprogramar tu clase, <strong>seg\u00fan disponibilidad<\/strong>.[\/vc_column_text][\/vc_accordion_tab][\/vc_accordion][\/vc_column][\/vc_row]<\/p>\n<\/div>","protected":false},"excerpt":{"rendered":"<p>[vc_row bg_color=&#8221;#FF9501&#8243; top_padding=&#8221;210&#8243; bottom_padding=&#8221;120&#8243; bg_position=&#8221;center top&#8221;][vc_column width=&#8221;1\/1&#8243;][\/vc_column][\/vc_row][vc_row top_padding=&#8221;100&#8243; bottom_padding=&#8221;100&#8243; bg_position=&#8221;left top&#8221;][vc_column column_padding=&#8221;padding-5&#8243; width=&#8221;1\/1&#8243;][vc_accordion collapsible=&#8221;yes&#8221;][vc_accordion_tab title=&#8221;\u00bfOfrecen homestay o transporte desde el aeropuerto?&#8221;][vc_column_text]No contamos con homestays ni con transporte. Pero puedes ver nuestras recomendaciones en la secci\u00f3n de &#8220;Favoritos&#8220;.[\/vc_column_text][\/vc_accordion_tab][vc_accordion_tab title=&#8221;\u00bfOfrecen descuentos para grupos o estancias largas?&#8221;][vc_column_text]No. Nuestros precios son por persona y el costo depende del paquete que elijas.[\/vc_column_text][\/vc_accordion_tab][vc_accordion_tab title=&#8221;\u00bfQu\u00e9 moneda aceptan para los pagos?&#8221;][vc_column_text]Solo aceptamos pagos en pesos mexicanos.[\/vc_column_text][\/vc_accordion_tab][vc_accordion_tab title=&#8221;\u00bfC\u00f3mo puedo pagar si no tengo PayPal?&#8221;][vc_column_text]Tambi\u00e9n puedes hacer una transferencia bancaria. Ten en cuenta que las comisiones dependen de tu banco y t\u00fa deber\u00e1s cubrirlas.[\/vc_column_text][\/vc_accordion_tab][vc_accordion_tab title=&#8221;\u00bfOfrecen reembolsos?&#8221;][vc_column_text]No. Ning\u00fan pago es reembolsable. Si necesitas cancelar, av\u00edsanos al menos 24 horas antes para poder reprogramar tu clase, seg\u00fan disponibilidad.[\/vc_column_text][\/vc_accordion_tab][\/vc_accordion][\/vc_column][\/vc_row]<\/p>\n","protected":false},"author":1,"featured_media":0,"parent":0,"menu_order":0,"comment_status":"closed","ping_status":"closed","template":"","meta":{"footnotes":""},"class_list":["post-15699","page","type-page","status-publish","hentry"],"_links":{"self":[{"href":"https:\/\/www.hola-school.com\/index.php?rest_route=\/wp\/v2\/pages\/15699","targetHints":{"allow":["GET"]}}],"collection":[{"href":"https:\/\/www.hola-school.com\/index.php?rest_route=\/wp\/v2\/pages"}],"about":[{"href":"https:\/\/www.hola-school.com\/index.php?rest_route=\/wp\/v2\/types\/page"}],"author":[{"embeddable":true,"href":"https:\/\/www.hola-school.com\/index.php?rest_route=\/wp\/v2\/users\/1"}],"replies":[{"embeddable":true,"href":"https:\/\/www.hola-school.com\/index.php?rest_route=%2Fwp%2Fv2%2Fcomments&post=15699"}],"version-history":[{"count":3,"href":"https:\/\/www.hola-school.com\/index.php?rest_route=\/wp\/v2\/pages\/15699\/revisions"}],"predecessor-version":[{"id":16123,"href":"https:\/\/www.hola-school.com\/index.php?rest_route=\/wp\/v2\/pages\/15699\/revisions\/16123"}],"wp:attachment":[{"href":"https:\/\/www.hola-school.com\/index.php?rest_route=%2Fwp%2Fv2%2Fmedia&parent=15699"}],"curies":[{"name":"wp","href":"https:\/\/api.w.org\/{rel}","templated":true}]}}