{"id":15760,"date":"2025-11-27T04:48:48","date_gmt":"2025-11-27T04:48:48","guid":{"rendered":"https:\/\/newsite.hola-school.com\/?page_id=15760"},"modified":"2026-01-02T03:36:20","modified_gmt":"2026-01-02T03:36:20","slug":"clase-de-cocina","status":"publish","type":"page","link":"https:\/\/www.hola-school.com\/?page_id=15760&lang=es","title":{"rendered":"Clase de cocina"},"content":{"rendered":"<div class=\"wpb-content-wrapper\"><p>[vc_row type=&#8221;full_width_section&#8221; bg_image=&#8221;15809&#8243; text_align=&#8221;center&#8221; top_padding=&#8221;560&#8243; bottom_padding=&#8221;90&#8243;][vc_column el_class=&#8221;baner&#8221; width=&#8221;1\/1&#8243;]<h1 class=\"headline font-special fontsize-xxxl fontweight-800 lh-inherit align-center transform-inherit baner-header\" style=\"margin: 0 0 20px 0; color: #FFFFFF;\">Clase de Cocina<\/h1>[\/vc_column][\/vc_row][vc_row top_padding=&#8221;80&#8243; bottom_padding=&#8221;60&#8243;][vc_column width=&#8221;1\/1&#8243;]<h1 class=\"headline font-special fontsize-l fontweight-500 lh-inherit align-center transform-inherit \" style=\"margin: 0 0 30px 0; color: #000000;\">\u00a1Conoce y aprende a preparar algunos de los platillos t\u00edpicos de Yucat\u00e1n!<\/h1>[vc_row_inner][vc_column_inner width=&#8221;1\/6&#8243;][\/vc_column_inner][vc_column_inner width=&#8221;2\/3&#8243;]<h1 class=\"headline font-inherit fontsize-m fontweight-400 lh-inherit align-left transform-inherit \" style=\"margin: 0 0 10px 0; color: #000000;\">La clase consiste en:<\/h1>[vc_column_text]<\/p>\n<ul class=\"ul1\" style=\"font-size: 20px;\">\n<li class=\"li1\">1. Elegir del men\u00fa:<\/li>\n<\/ul>\n<ul class=\"ul2\" style=\"list-style: inside; font-size: 20px; margin-left: 30px;\">\n<li class=\"li1\">Un aperitivo.<\/li>\n<li class=\"li1\">El plato fuerte.<\/li>\n<li class=\"li1\">Un postre.<\/li>\n<li class=\"li1\">Una bebida.<\/li>\n<\/ul>\n<ul class=\"ul1\" style=\"font-size: 20px;\">\n<li class=\"li1\">2. Visitar el mercado local para comprar los ingredientes.<\/li>\n<li class=\"li1\">3. Preparar la comida acompa\u00f1ado y bajo la instrucci\u00f3n y supervisi\u00f3n del profesor.<\/li>\n<li class=\"li1\">4. Comer y disfrutar lo preparado en la clase.<\/li>\n<\/ul>\n<p>[\/vc_column_text][\/vc_column_inner][vc_column_inner width=&#8221;1\/6&#8243;][\/vc_column_inner][\/vc_row_inner][\/vc_column][\/vc_row][vc_row type=&#8221;full_width_section&#8221; bg_color=&#8221;#F9F9F9&#8243; top_padding=&#8221;50&#8243; bottom_padding=&#8221;30&#8243;][vc_column width=&#8221;1\/2&#8243;]<h1 class=\"headline font-inherit fontsize-l fontweight-600 lh-inherit align-center transform-inherit \" style=\"margin: 0 0; color: #FF9501;\">Duraci\u00f3n aproximada:<\/h1><h1 class=\"headline font-inherit fontsize-l fontweight-800 lh-inherit align-center transform-inherit \" style=\"margin: -10px 0 20px 0; color: #FF9501;\">6 hrs (de 9:00 am a 2:00 pm)<\/h1>[\/vc_column][vc_column width=&#8221;1\/2&#8243;]<h1 class=\"headline font-inherit fontsize-l fontweight-600 lh-inherit align-center transform-inherit \" style=\"margin: 0 0; color: #FF9501;\">Costo por persona:<\/h1><h1 class=\"headline font-inherit fontsize-xxl fontweight-800 lh-inherit align-center transform-inherit \" style=\"margin: -10px 0 20px 0; color: #FF9501;\">$1000 MXN<\/h1>[\/vc_column][\/vc_row][vc_row][vc_column width=&#8221;1\/1&#8243;]<h1 class=\"headline font-special fontsize-xl fontweight-600 lh-inherit align-center transform-inherit \" style=\"margin: 50px 0 0px 0;\">\u00a1Importante!<\/h1>[\/vc_column][\/vc_row][vc_row bg_color=&#8221;#00000000&#8243; bottom_padding=&#8221;30&#8243;][vc_column column_padding=&#8221;padding-4&#8243; width=&#8221;1\/2&#8243;][vc_column_text]<\/p>\n<ul class=\"ul1\" style=\"list-style: inside; font-size: 18px; margin-left: 30px;\">\n<li class=\"li1\">Para reservar, es necesario pagar el 50% del total por adelantado v\u00eda PayPal.<\/li>\n<li class=\"li1\">SIN REEMBOLSOS, SOLO REPROGRAMACION SEGUN DISPONIBILIDAD.<\/li>\n<li class=\"li1\">Las clases de cocina son solo los s\u00e1bados con reserva previa. Pregunta por disponibilidad.<\/li>\n<li class=\"li1\">El costo de la clase incluye la preparaci\u00f3n de un aperitivo, un plato fuerte, postre y una bebida. La bebida puede ser agua de alguna fruta, cerveza o refresco.<\/li>\n<\/ul>\n<p>[\/vc_column_text][\/vc_column][vc_column column_padding=&#8221;padding-4&#8243; width=&#8221;1\/2&#8243;][vc_column_text]<\/p>\n<ul class=\"ul1\" style=\"list-style: inside; font-size: 18px; margin-left: 30px;\">\n<li class=\"li1\">Elegir\u00e1s de nuestro men\u00fa lo que vamos a cocinar. Si deseas algo que no est\u00e1 en el men\u00fa, pregunta por esa opci\u00f3n antes de agendar la clase.<\/li>\n<li class=\"li1\">Indica previamente si tienes alguna alergia a alimentos o bebidas.<\/li>\n<li class=\"li1\">Indica si sigues una dieta vegetariana o vegana.<\/li>\n<li class=\"li1\">Indica si hay algo que no te gusta para evitarlo.<\/li>\n<\/ul>\n<p>[\/vc_column_text][\/vc_column][\/vc_row]<\/p>\n<\/div>","protected":false},"excerpt":{"rendered":"<p>[vc_row type=&#8221;full_width_section&#8221; bg_image=&#8221;15809&#8243; text_align=&#8221;center&#8221; top_padding=&#8221;560&#8243; bottom_padding=&#8221;90&#8243;][vc_column el_class=&#8221;baner&#8221; width=&#8221;1\/1&#8243;][\/vc_column][\/vc_row][vc_row top_padding=&#8221;80&#8243; bottom_padding=&#8221;60&#8243;][vc_column width=&#8221;1\/1&#8243;][vc_row_inner][vc_column_inner width=&#8221;1\/6&#8243;][\/vc_column_inner][vc_column_inner width=&#8221;2\/3&#8243;][vc_column_text] 1. Elegir del men\u00fa: Un aperitivo. El plato fuerte. Un postre. Una bebida. 2. Visitar el mercado local para comprar los ingredientes. 3. Preparar la comida acompa\u00f1ado y bajo la instrucci\u00f3n y supervisi\u00f3n del profesor. 4. Comer y disfrutar lo preparado en la clase. [\/vc_column_text][\/vc_column_inner][vc_column_inner width=&#8221;1\/6&#8243;][\/vc_column_inner][\/vc_row_inner][\/vc_column][\/vc_row][vc_row type=&#8221;full_width_section&#8221; bg_color=&#8221;#F9F9F9&#8243; top_padding=&#8221;50&#8243; bottom_padding=&#8221;30&#8243;][vc_column width=&#8221;1\/2&#8243;][\/vc_column][vc_column width=&#8221;1\/2&#8243;][\/vc_column][\/vc_row][vc_row][vc_column width=&#8221;1\/1&#8243;][\/vc_column][\/vc_row][vc_row bg_color=&#8221;#00000000&#8243; bottom_padding=&#8221;30&#8243;][vc_column column_padding=&#8221;padding-4&#8243; width=&#8221;1\/2&#8243;][vc_column_text] Para reservar, es necesario pagar el 50% del total por adelantado v\u00eda PayPal. SIN REEMBOLSOS, SOLO REPROGRAMACION SEGUN DISPONIBILIDAD. Las clases de cocina son solo los s\u00e1bados con reserva previa. Pregunta por disponibilidad. El costo de la clase incluye la preparaci\u00f3n de un aperitivo, un plato fuerte, postre y una bebida. La bebida puede ser agua de alguna fruta, cerveza o refresco. [\/vc_column_text][\/vc_column][vc_column column_padding=&#8221;padding-4&#8243; width=&#8221;1\/2&#8243;][vc_column_text] Elegir\u00e1s de nuestro men\u00fa lo que vamos a cocinar. Si deseas algo que no est\u00e1 en el men\u00fa, pregunta por esa opci\u00f3n antes de agendar la clase. Indica previamente si tienes alguna alergia a alimentos o bebidas. Indica si sigues una dieta vegetariana o vegana. Indica si hay algo que no te gusta para evitarlo. [\/vc_column_text][\/vc_column][\/vc_row]<\/p>\n","protected":false},"author":1,"featured_media":0,"parent":0,"menu_order":0,"comment_status":"closed","ping_status":"closed","template":"","meta":{"footnotes":""},"class_list":["post-15760","page","type-page","status-publish","hentry"],"_links":{"self":[{"href":"https:\/\/www.hola-school.com\/index.php?rest_route=\/wp\/v2\/pages\/15760","targetHints":{"allow":["GET"]}}],"collection":[{"href":"https:\/\/www.hola-school.com\/index.php?rest_route=\/wp\/v2\/pages"}],"about":[{"href":"https:\/\/www.hola-school.com\/index.php?rest_route=\/wp\/v2\/types\/page"}],"author":[{"embeddable":true,"href":"https:\/\/www.hola-school.com\/index.php?rest_route=\/wp\/v2\/users\/1"}],"replies":[{"embeddable":true,"href":"https:\/\/www.hola-school.com\/index.php?rest_route=%2Fwp%2Fv2%2Fcomments&post=15760"}],"version-history":[{"count":11,"href":"https:\/\/www.hola-school.com\/index.php?rest_route=\/wp\/v2\/pages\/15760\/revisions"}],"predecessor-version":[{"id":16134,"href":"https:\/\/www.hola-school.com\/index.php?rest_route=\/wp\/v2\/pages\/15760\/revisions\/16134"}],"wp:attachment":[{"href":"https:\/\/www.hola-school.com\/index.php?rest_route=%2Fwp%2Fv2%2Fmedia&parent=15760"}],"curies":[{"name":"wp","href":"https:\/\/api.w.org\/{rel}","templated":true}]}}