{"id":15766,"date":"2025-11-27T04:59:40","date_gmt":"2025-11-27T04:59:40","guid":{"rendered":"https:\/\/newsite.hola-school.com\/?page_id=15766"},"modified":"2025-12-09T04:19:28","modified_gmt":"2025-12-09T04:19:28","slug":"hola-experience-18-2","status":"publish","type":"page","link":"https:\/\/www.hola-school.com\/?page_id=15766&lang=es","title":{"rendered":"Hola Experience +18"},"content":{"rendered":"<div class=\"wpb-content-wrapper\"><p>[vc_row type=&#8221;full_width_section&#8221; bg_image=&#8221;15878&#8243; text_color=&#8221;light&#8221; text_align=&#8221;center&#8221; top_padding=&#8221;350&#8243; bottom_padding=&#8221;100&#8243; row_id=&#8221;baner&#8221;][vc_column el_class=&#8221;baner&#8221; width=&#8221;1\/1&#8243;]<h1 class=\"headline font-special fontsize-xxxl fontweight-800 lh-inherit align-center transform-inherit baner-header\" style=\"margin: 0 0 20px 0;\">Hola Experience Yucat\u00e1n<\/h1>[\/vc_column][\/vc_row][vc_row top_padding=&#8221;80&#8243; bottom_padding=&#8221;60&#8243;][vc_column width=&#8221;1\/1&#8243;][vc_column_text]<\/p>\n<p class=\"p1\" style=\"font-size: 20px;\">En esta versi\u00f3n, se omite la sesi\u00f3n de 2 horas en el sal\u00f3n de clases, y se prepara un itinerario para recorridos a diferentes zonas fuera de la ciudad. Esta opci\u00f3n funciona como un tour personalizado con un enfoque educativo y recreativo, permitiendo a los estudiantes poner en pr\u00e1ctica sus habilidades ling\u00fc\u00edsticas mientras maximizan su<br \/>\nconocimiento sobre la cultura del estado. El itinerario puede variar seg\u00fan los intereses de los estudiantes, adapt\u00e1ndose a sus preferencias. Por ejemplo, podr\u00edamos visitar sitios arqueol\u00f3gicos cercanos como Uxmal o Dzibilchalt\u00fan, entre otros lugares, si existe inter\u00e9s en la historia de la civilizaci\u00f3n<br \/>\nmaya. Siempre alineado con las preferencias del estudiante. De igual manera, se pueden organizar talleres adicionales (con previo aviso y seg\u00fan disponibilidad) relacionados con la cultura yucateca, como clases de cocina yucateca, donde se aprenden recetas en espa\u00f1ol; sesiones de baile t\u00edpico (jarana yucateca); o<br \/>\nvisitas a pueblos cercanos para explorar tradiciones mayas. En resumen, este enfoque permite a los estudiantes no solo aprender el idioma de manera estructurada, sino tambi\u00e9n practicarlo en un contexto real y significativo,<br \/>\nconectando con la cultura y las personas de M\u00e9rida.<\/p>\n<p class=\"p1\" style=\"font-size: 20px; margin-top: 20px;\"><strong>\u00bfQu\u00e9 Incluye?<\/strong><\/p>\n<ul class=\"ul1\" style=\"list-style: inside; margin-left: 30px; font-size: 20px;\">\n<li class=\"li1\">Transporte.<\/li>\n<li class=\"li1\">Comida.<\/li>\n<li class=\"li1\">Entrada a los sitios.<\/li>\n<\/ul>\n<p>[\/vc_column_text][\/vc_column][\/vc_row][vc_row type=&#8221;full_width_section&#8221; bg_color=&#8221;#F9F9F9&#8243; top_padding=&#8221;50&#8243; bottom_padding=&#8221;30&#8243;][vc_column width=&#8221;1\/3&#8243;]<h1 class=\"headline font-inherit fontsize-l fontweight-600 lh-inherit align-center transform-inherit \" style=\"margin: 0 0; color: #FF9501;\">Duraci\u00f3n aproximada:<\/h1><h1 class=\"headline font-inherit fontsize-l fontweight-800 lh-inherit align-center transform-inherit \" style=\"margin: -10px 0 20px 0; color: #FF9501;\">Lunes a Viernes<br \/>\n4-5 hrs. por d\u00eda<\/h1>[\/vc_column][vc_column width=&#8221;1\/3&#8243;]<h1 class=\"headline font-inherit fontsize-l fontweight-600 lh-inherit align-center transform-inherit \" style=\"margin: 0 0; color: #FF9501;\">Costo por persona:<\/h1><h1 class=\"headline font-inherit fontsize-xxl fontweight-800 lh-inherit align-center transform-inherit \" style=\"margin: -10px 0 20px 0; color: #FF9501;\">$10,000 MXN<\/h1>[\/vc_column][vc_column width=&#8221;1\/3&#8243;]<h1 class=\"headline font-inherit fontsize-l fontweight-600 lh-inherit align-center transform-inherit \" style=\"margin: 0 0; color: #FF9501;\">Nivel de espa\u00f1ol requerido:<\/h1><h1 class=\"headline font-inherit fontsize-l fontweight-800 lh-inherit align-center transform-inherit \" style=\"margin: -10px 0 20px 0; color: #FF9501;\">Intermedio-avanzado<\/h1>[\/vc_column][\/vc_row][vc_row bg_color=&#8221;#00000000&#8243; bottom_padding=&#8221;30&#8243;][vc_column column_padding=&#8221;padding-4&#8243; width=&#8221;1\/4&#8243;][\/vc_column][vc_column column_padding=&#8221;padding-4&#8243; width=&#8221;1\/2&#8243;]<h1 class=\"headline font-special fontsize-xl fontweight-600 lh-inherit align-center transform-inherit \" style=\"margin: 50px 0 0px 0;\">\u00a1Importante!<\/h1>[vc_column_text]<\/p>\n<ul style=\"list-style: inside; font-size: 18px; margin-left: 30px;\">\n<li class=\"li1\">Edad: 18+ a\u00f1os<\/li>\n<li class=\"li1\">Para reservar, es necesario pagar el 50% del total por adelantado v\u00eda PayPal.<\/li>\n<li class=\"li1\"><strong>SIN REEMBOLSOS, SOLO REPROGRAMACION SEGUN DISPONIBILIDAD DE LA ESCUELA<\/strong><\/li>\n<\/ul>\n<p>[\/vc_column_text][\/vc_column][vc_column width=&#8221;1\/4&#8243;][\/vc_column][\/vc_row]<\/p>\n<\/div>","protected":false},"excerpt":{"rendered":"<p>[vc_row type=&#8221;full_width_section&#8221; bg_image=&#8221;15878&#8243; text_color=&#8221;light&#8221; text_align=&#8221;center&#8221; top_padding=&#8221;350&#8243; bottom_padding=&#8221;100&#8243; row_id=&#8221;baner&#8221;][vc_column el_class=&#8221;baner&#8221; width=&#8221;1\/1&#8243;][\/vc_column][\/vc_row][vc_row top_padding=&#8221;80&#8243; bottom_padding=&#8221;60&#8243;][vc_column width=&#8221;1\/1&#8243;][vc_column_text] En esta versi\u00f3n, se omite la sesi\u00f3n de 2 horas en el sal\u00f3n de clases, y se prepara un itinerario para recorridos a diferentes zonas fuera de la ciudad. Esta opci\u00f3n funciona como un tour personalizado con un enfoque educativo y recreativo, permitiendo a los estudiantes poner en pr\u00e1ctica sus habilidades ling\u00fc\u00edsticas mientras maximizan su conocimiento sobre la cultura del estado. El itinerario puede variar seg\u00fan los intereses de los estudiantes, adapt\u00e1ndose a sus preferencias. Por ejemplo, podr\u00edamos visitar sitios arqueol\u00f3gicos cercanos como Uxmal o Dzibilchalt\u00fan, entre otros lugares, si existe inter\u00e9s en la historia de la civilizaci\u00f3n maya. Siempre alineado con las preferencias del estudiante. De igual manera, se pueden organizar talleres adicionales (con previo aviso y seg\u00fan disponibilidad) relacionados con la cultura yucateca, como clases de cocina yucateca, donde se aprenden recetas en espa\u00f1ol; sesiones de baile t\u00edpico (jarana yucateca); o visitas a pueblos cercanos para explorar tradiciones mayas. En resumen, este enfoque permite a los estudiantes no solo aprender el idioma de manera estructurada, sino tambi\u00e9n practicarlo en un contexto real y significativo, conectando con la cultura y las personas de M\u00e9rida. \u00bfQu\u00e9 Incluye? [&hellip;]<\/p>\n","protected":false},"author":1,"featured_media":0,"parent":0,"menu_order":0,"comment_status":"closed","ping_status":"closed","template":"","meta":{"footnotes":""},"class_list":["post-15766","page","type-page","status-publish","hentry"],"_links":{"self":[{"href":"https:\/\/www.hola-school.com\/index.php?rest_route=\/wp\/v2\/pages\/15766","targetHints":{"allow":["GET"]}}],"collection":[{"href":"https:\/\/www.hola-school.com\/index.php?rest_route=\/wp\/v2\/pages"}],"about":[{"href":"https:\/\/www.hola-school.com\/index.php?rest_route=\/wp\/v2\/types\/page"}],"author":[{"embeddable":true,"href":"https:\/\/www.hola-school.com\/index.php?rest_route=\/wp\/v2\/users\/1"}],"replies":[{"embeddable":true,"href":"https:\/\/www.hola-school.com\/index.php?rest_route=%2Fwp%2Fv2%2Fcomments&post=15766"}],"version-history":[{"count":15,"href":"https:\/\/www.hola-school.com\/index.php?rest_route=\/wp\/v2\/pages\/15766\/revisions"}],"predecessor-version":[{"id":16113,"href":"https:\/\/www.hola-school.com\/index.php?rest_route=\/wp\/v2\/pages\/15766\/revisions\/16113"}],"wp:attachment":[{"href":"https:\/\/www.hola-school.com\/index.php?rest_route=%2Fwp%2Fv2%2Fmedia&parent=15766"}],"curies":[{"name":"wp","href":"https:\/\/api.w.org\/{rel}","templated":true}]}}