{"id":15771,"date":"2025-11-27T05:11:12","date_gmt":"2025-11-27T05:11:12","guid":{"rendered":"https:\/\/newsite.hola-school.com\/?page_id=15771"},"modified":"2025-12-09T04:19:36","modified_gmt":"2025-12-09T04:19:36","slug":"experiencia-hola-de-buceo","status":"publish","type":"page","link":"https:\/\/www.hola-school.com\/?page_id=15771&lang=es","title":{"rendered":"Experiencia Hola de Buceo"},"content":{"rendered":"<div class=\"wpb-content-wrapper\"><p>[vc_row type=&#8221;full_width_section&#8221; bg_image=&#8221;15782&#8243; text_align=&#8221;center&#8221; top_padding=&#8221;90&#8243; bottom_padding=&#8221;370&#8243;][vc_column el_class=&#8221;baner&#8221; width=&#8221;1\/1&#8243;]<h1 class=\"headline font-special fontsize-xxxl fontweight-800 lh-inherit align-center transform-inherit baner-header\" style=\"margin: 0 0 20px 0; color: #FFFFFF;\">Hola Diving Experience<\/h1>[\/vc_column][\/vc_row][vc_row top_padding=&#8221;80&#8243; bottom_padding=&#8221;60&#8243;][vc_column width=&#8221;1\/1&#8243;]<h1 class=\"headline font-special fontsize-xl fontweight-500 lh-inherit align-center transform-inherit \" style=\"margin: 0 0; color: #000000;\">Descubre la magia subterr\u00e1nea de Yucat\u00e1n:<\/h1><h1 class=\"headline font-special fontsize-l fontweight-600 lh-inherit align-center transform-inherit \" style=\"margin: -10px 0 35px 0; color: #000000;\">Naturaleza pura, historia viva y aventura inolvidable.<\/h1>[vc_column_text]<\/p>\n<p class=\"p2\" style=\"font-size: 20px;\">En <strong>Hola Spanish School<\/strong> no solo aprendes en el sal\u00f3n de clases; vives el idioma a trav\u00e9s de experiencias inolvidables en uno de los ecosistemas m\u00e1s incre\u00edbles de la Pen\u00ednsula de Yucat\u00e1n y del mundo: los cenotes, un tesoro natural y cultural.<br \/>\nSum\u00e9rgete en una aventura \u00fanica, donde aguas claras, formaciones rocosas antiguas y un mundo oculto bajo la selva yucateca te esperan.<br \/>\nGuiado por instructores certificados, descubrir\u00e1s la historia sagrada de los cenotes mientras practicas tu espa\u00f1ol en un entorno verdaderamente fascinante.<br \/>\nEsta actividad es perfecta para esp\u00edritus aventureros que desean llevar su experiencia de aprendizaje al siguiente nivel. \u00a1Una experiencia que solo puedes vivir en Yucat\u00e1n!<\/p>\n<ul class=\"ul1\" style=\"list-style: inside; font-size: 20px; margin-left: 30px; margin-top: 30px;\">\n<li class=\"li2\">Mejora tu espa\u00f1ol<\/li>\n<li class=\"li2\">Con\u00e9ctate con la naturaleza<\/li>\n<li class=\"li2\">Vive la cultura maya desde sus ra\u00edce<\/li>\n<\/ul>\n<p>[\/vc_column_text][\/vc_column][\/vc_row][vc_row type=&#8221;full_width_section&#8221; bg_color=&#8221;#F9F9F9&#8243; top_padding=&#8221;50&#8243; bottom_padding=&#8221;30&#8243;][vc_column width=&#8221;1\/3&#8243;]<h1 class=\"headline font-inherit fontsize-l fontweight-600 lh-inherit align-center transform-inherit \" style=\"margin: 0 0; color: #FF9501;\">Duraci\u00f3n aproximada:<\/h1><h1 class=\"headline font-inherit fontsize-l fontweight-800 lh-inherit align-center transform-inherit \" style=\"margin: -10px 0 20px 0; color: #FF9501;\">6 hrs<\/h1>[\/vc_column][vc_column width=&#8221;1\/3&#8243;]<h1 class=\"headline font-inherit fontsize-l fontweight-600 lh-inherit align-center transform-inherit \" style=\"margin: 0 0; color: #FF9501;\">Costo por persona:<\/h1><h1 class=\"headline font-inherit fontsize-xxl fontweight-800 lh-inherit align-center transform-inherit \" style=\"margin: -10px 0 20px 0; color: #FF9501;\">$6,500 MXN<\/h1>[\/vc_column][vc_column width=&#8221;1\/3&#8243;]<h1 class=\"headline font-inherit fontsize-l fontweight-800 lh-inherit align-center transform-inherit \" style=\"margin: 0 0 20px 0; color: #FF9501;\">-15% de descuento para grupos<br \/>\n(<u>m\u00e1ximo 4 personas<\/u>).<\/h1>[\/vc_column][\/vc_row][vc_row bg_color=&#8221;#00000000&#8243; bottom_padding=&#8221;30&#8243;][vc_column column_padding=&#8221;padding-4&#8243; width=&#8221;1\/2&#8243;]<h1 class=\"headline font-special fontsize-xl fontweight-600 lh-inherit align-left transform-inherit \" style=\"margin: 0 0 20px 0;\">\u00bfQu\u00e9 Incluye?<\/h1>[vc_column_text]<\/p>\n<ul style=\"list-style: inside; font-size: 18px;\">\n<li>Transporte redondo.<\/li>\n<li class=\"li1\">Equipo completo.<\/li>\n<li class=\"li1\">Un instructor personal.<\/li>\n<li class=\"li1\">Snacks durante el viaje.<\/li>\n<li class=\"li1\">Entradas al cenote.<\/li>\n<li class=\"li1\">Comida con una familia local.<\/li>\n<\/ul>\n<p>[\/vc_column_text][\/vc_column][vc_column column_padding=&#8221;padding-4&#8243; width=&#8221;1\/2&#8243;]<h1 class=\"headline font-special fontsize-xl fontweight-600 lh-inherit align-left transform-inherit \" style=\"margin: 0 0 20px 0;\">\u00a1Importante!<\/h1>[vc_column_text]<\/p>\n<ul style=\"list-style: inside; font-size: 18px;\">\n<li class=\"li1\">Para reservar, es necesario <strong>pagar el 50%<\/strong> del total por adelantado v\u00eda PayPal.<\/li>\n<li class=\"li1\">Los <strong>pagos no son reembolsables<\/strong>. En caso de cancelaci\u00f3n por parte del participante, la experiencia solo podr\u00e1 reprogramarse seg\u00fan la disponibilidad de la escuela, dentro de los 20 d\u00edas posteriores a la fecha original.<\/li>\n<\/ul>\n<p>[\/vc_column_text][\/vc_column][\/vc_row]<\/p>\n<\/div>","protected":false},"excerpt":{"rendered":"<p>[vc_row type=&#8221;full_width_section&#8221; bg_image=&#8221;15782&#8243; text_align=&#8221;center&#8221; top_padding=&#8221;90&#8243; bottom_padding=&#8221;370&#8243;][vc_column el_class=&#8221;baner&#8221; width=&#8221;1\/1&#8243;][\/vc_column][\/vc_row][vc_row top_padding=&#8221;80&#8243; bottom_padding=&#8221;60&#8243;][vc_column width=&#8221;1\/1&#8243;][vc_column_text] En Hola Spanish School no solo aprendes en el sal\u00f3n de clases; vives el idioma a trav\u00e9s de experiencias inolvidables en uno de los ecosistemas m\u00e1s incre\u00edbles de la Pen\u00ednsula de Yucat\u00e1n y del mundo: los cenotes, un tesoro natural y cultural. Sum\u00e9rgete en una aventura \u00fanica, donde aguas claras, formaciones rocosas antiguas y un mundo oculto bajo la selva yucateca te esperan. Guiado por instructores certificados, descubrir\u00e1s la historia sagrada de los cenotes mientras practicas tu espa\u00f1ol en un entorno verdaderamente fascinante. Esta actividad es perfecta para esp\u00edritus aventureros que desean llevar su experiencia de aprendizaje al siguiente nivel. \u00a1Una experiencia que solo puedes vivir en Yucat\u00e1n! Mejora tu espa\u00f1ol Con\u00e9ctate con la naturaleza Vive la cultura maya desde sus ra\u00edce [\/vc_column_text][\/vc_column][\/vc_row][vc_row type=&#8221;full_width_section&#8221; bg_color=&#8221;#F9F9F9&#8243; top_padding=&#8221;50&#8243; bottom_padding=&#8221;30&#8243;][vc_column width=&#8221;1\/3&#8243;][\/vc_column][vc_column width=&#8221;1\/3&#8243;][\/vc_column][vc_column width=&#8221;1\/3&#8243;][\/vc_column][\/vc_row][vc_row bg_color=&#8221;#00000000&#8243; bottom_padding=&#8221;30&#8243;][vc_column column_padding=&#8221;padding-4&#8243; width=&#8221;1\/2&#8243;][vc_column_text] Transporte redondo. Equipo completo. Un instructor personal. Snacks durante el viaje. Entradas al cenote. Comida con una familia local. [\/vc_column_text][\/vc_column][vc_column column_padding=&#8221;padding-4&#8243; width=&#8221;1\/2&#8243;][vc_column_text] Para reservar, es necesario pagar el 50% del total por adelantado v\u00eda PayPal. Los pagos no son reembolsables. En caso de cancelaci\u00f3n por parte del participante, la experiencia solo podr\u00e1 reprogramarse seg\u00fan la [&hellip;]<\/p>\n","protected":false},"author":1,"featured_media":0,"parent":0,"menu_order":0,"comment_status":"closed","ping_status":"closed","template":"","meta":{"footnotes":""},"class_list":["post-15771","page","type-page","status-publish","hentry"],"_links":{"self":[{"href":"https:\/\/www.hola-school.com\/index.php?rest_route=\/wp\/v2\/pages\/15771","targetHints":{"allow":["GET"]}}],"collection":[{"href":"https:\/\/www.hola-school.com\/index.php?rest_route=\/wp\/v2\/pages"}],"about":[{"href":"https:\/\/www.hola-school.com\/index.php?rest_route=\/wp\/v2\/types\/page"}],"author":[{"embeddable":true,"href":"https:\/\/www.hola-school.com\/index.php?rest_route=\/wp\/v2\/users\/1"}],"replies":[{"embeddable":true,"href":"https:\/\/www.hola-school.com\/index.php?rest_route=%2Fwp%2Fv2%2Fcomments&post=15771"}],"version-history":[{"count":9,"href":"https:\/\/www.hola-school.com\/index.php?rest_route=\/wp\/v2\/pages\/15771\/revisions"}],"predecessor-version":[{"id":16114,"href":"https:\/\/www.hola-school.com\/index.php?rest_route=\/wp\/v2\/pages\/15771\/revisions\/16114"}],"wp:attachment":[{"href":"https:\/\/www.hola-school.com\/index.php?rest_route=%2Fwp%2Fv2%2Fmedia&parent=15771"}],"curies":[{"name":"wp","href":"https:\/\/api.w.org\/{rel}","templated":true}]}}